{"id":2430,"date":"2023-01-17T08:09:56","date_gmt":"2023-01-17T07:09:56","guid":{"rendered":"http:\/\/meynenbe.webhosting.be\/politique-de-confidentialite\/"},"modified":"2023-04-03T13:41:08","modified_gmt":"2023-04-03T11:41:08","slug":"politique-de-confidentialite","status":"publish","type":"page","link":"https:\/\/meynen.be\/fr\/politique-de-confidentialite\/","title":{"rendered":"Politique de confidentialit\u00e9"},"content":{"rendered":"\t\t<div data-elementor-type=\"wp-page\" data-elementor-id=\"2430\" class=\"elementor elementor-2430 elementor-274\" data-elementor-post-type=\"page\">\n\t\t\t\t\t\t<section class=\"elementor-section elementor-top-section elementor-element elementor-element-e207814 elementor-section-boxed elementor-section-height-default elementor-section-height-default\" data-id=\"e207814\" data-element_type=\"section\" data-e-type=\"section\">\n\t\t\t\t\t\t<div class=\"elementor-container elementor-column-gap-default\">\n\t\t\t\t\t<div class=\"elementor-column elementor-col-100 elementor-top-column elementor-element elementor-element-23bea78\" data-id=\"23bea78\" data-element_type=\"column\" data-e-type=\"column\">\n\t\t\t<div class=\"elementor-widget-wrap elementor-element-populated\">\n\t\t\t\t\t\t<div class=\"elementor-element elementor-element-7862826 elementor-widget elementor-widget-text-editor\" data-id=\"7862826\" data-element_type=\"widget\" data-e-type=\"widget\" data-settings=\"{&quot;ekit_we_effect_on&quot;:&quot;none&quot;}\" data-widget_type=\"text-editor.default\">\n\t\t\t\t<div class=\"elementor-widget-container\">\n\t\t\t\t\t\t\t\t\t<h1><strong>Politique de confidentialit\u00e9<\/strong><\/h1>\n<p><strong>Politique de confidentialit\u00e9<\/strong> de Meynen B.V.B.A. Metaalconstructies, propri\u00e9taire de Meynen.be<\/p>\n<p><strong>1) Garanties en mati\u00e8re de protection de la vie priv\u00e9e<\/strong><\/p>\n<p>La protection de la vie priv\u00e9e des visiteurs de Meynen.be est une t\u00e2che importante pour nous. C&rsquo;est pourquoi nous d\u00e9crivons dans notre politique de confidentialit\u00e9 les informations que nous recueillons et l&rsquo;usage que nous en faisons.<\/p>\n<p><strong>2) Consentement<\/strong><\/p>\n<p>En utilisant les informations et les services de Meynen.be, vous acceptez notre politique de confidentialit\u00e9 et les conditions que nous avons incluses ici.<\/p>\n<p><strong>3) Questions<\/strong><\/p>\n<p>Si vous souhaitez obtenir plus d&rsquo;informations ou si vous avez des questions concernant la politique de confidentialit\u00e9 de Meynen B.V.B.A. Metaalconstructies et plus particuli\u00e8rement de Meynen.be, vous pouvez nous contacter par e-mail. Notre adresse \u00e9lectronique est info@metaalmeynen.be.<\/p>\n<p><strong>4) Suivi du comportement des visiteurs<\/strong><\/p>\n<p>Meynen.be utilise diverses techniques pour savoir qui visite le site web, comment ce visiteur se comporte sur le site et quelles sont les pages qu&rsquo;il visite. Il s&rsquo;agit d&rsquo;une m\u00e9thode de travail courante pour les sites web, car elle fournit des informations qui contribuent \u00e0 la qualit\u00e9 de l&rsquo;exp\u00e9rience de l&rsquo;utilisateur. Les informations que nous enregistrons, via les cookies, comprennent les adresses IP, le type de navigateur et les pages d <a href=\"https:\/\/www.linkspagina.eu\/\" target=\"_blank\" rel=\"noopener\">&lsquo;accueil<\/a>visit\u00e9es.<\/p>\n<p>Nous contr\u00f4lons \u00e9galement l&rsquo;endroit o\u00f9 les visiteurs se rendent pour la premi\u00e8re fois sur le site web et la page qu&rsquo;ils quittent. Ces informations restent anonymes et ne sont pas li\u00e9es \u00e0 d&rsquo;autres informations personnelles.<\/p>\n<p><strong>5) Utilisation de cookies<\/strong><\/p>\n<p>Meynen.be place des cookies sur les visiteurs. Nous le faisons pour collecter des informations sur les pages que les utilisateurs visitent sur notre site web, pour savoir combien de fois les visiteurs reviennent et pour voir quelles sont les pages qui marchent bien sur le site web. Nous gardons \u00e9galement la trace des informations partag\u00e9es par le navigateur.<\/p>\n<p><strong>6) D\u00e9sactivation des cookies<\/strong><\/p>\n<p>Vous pouvez choisir de d\u00e9sactiver les cookies. Vous le faites en utilisant les capacit\u00e9s de votre navigateur. Vous trouverez plus d&rsquo;informations sur ces options sur le site web de votre fournisseur de navigateur.<\/p>\n<p><strong>7) Cookies de tiers<\/strong><\/p>\n<p>Des tiers, tels que Google, peuvent faire de la publicit\u00e9 sur notre site web ou nous pouvons utiliser un autre service. Pour ce faire, ces tiers placent des cookies dans certains cas. Ces cookies ne peuvent pas \u00eatre influenc\u00e9s par Meynen.be.<\/p>\n<p><strong>9) Politique de confidentialit\u00e9 des annonceurs\/tiers<\/strong><\/p>\n<p>Pour plus d&rsquo;informations sur les politiques de confidentialit\u00e9 de nos annonceurs et des tiers associ\u00e9s \u00e0 ce site web, veuillez consulter les sites web de ces parties respectives. Meynen.be n&rsquo;a aucune influence sur ces cookies et sur la politique de confidentialit\u00e9 des cookies plac\u00e9s par des tiers. Ces cookies n&rsquo;entrent pas dans le champ d&rsquo;application de la politique de confidentialit\u00e9 de Meynen.be.<\/p>\n\t\t\t\t\t\t\t\t<\/div>\n\t\t\t\t<\/div>\n\t\t\t\t\t<\/div>\n\t\t<\/div>\n\t\t\t\t\t<\/div>\n\t\t<\/section>\n\t\t\t\t<\/div>\n\t\t","protected":false},"excerpt":{"rendered":"<p>Politique de confidentialit\u00e9 Politique de confidentialit\u00e9 de Meynen B.V.B.A. Metaalconstructies, propri\u00e9taire de Meynen.be 1) Garanties en mati\u00e8re de protection de la vie priv\u00e9e La protection de la vie priv\u00e9e des visiteurs de Meynen.be est une t\u00e2che importante pour nous. C&rsquo;est pourquoi nous d\u00e9crivons dans notre politique de confidentialit\u00e9 les informations que nous recueillons et l&rsquo;usage [&hellip;]<\/p>\n","protected":false},"author":1,"featured_media":0,"parent":0,"menu_order":0,"comment_status":"closed","ping_status":"closed","template":"","meta":{"footnotes":""},"class_list":["post-2430","page","type-page","status-publish","hentry"],"yoast_head":"<!-- This site is optimized with the Yoast SEO plugin v27.4 - https:\/\/yoast.com\/product\/yoast-seo-wordpress\/ -->\n<title>Politique de confidentialit\u00e9 - Metaalhandel Meynen<\/title>\n<meta name=\"robots\" content=\"index, follow, max-snippet:-1, max-image-preview:large, max-video-preview:-1\" \/>\n<link rel=\"canonical\" href=\"https:\/\/meynen.be\/fr\/politique-de-confidentialite\/\" \/>\n<meta property=\"og:locale\" content=\"fr_FR\" \/>\n<meta property=\"og:type\" content=\"article\" \/>\n<meta property=\"og:title\" content=\"Politique de confidentialit\u00e9 - Metaalhandel Meynen\" \/>\n<meta property=\"og:description\" content=\"Politique de confidentialit\u00e9 Politique de confidentialit\u00e9 de Meynen B.V.B.A. Metaalconstructies, propri\u00e9taire de Meynen.be 1) Garanties en mati\u00e8re de protection de la vie priv\u00e9e La protection de la vie priv\u00e9e des visiteurs de Meynen.be est une t\u00e2che importante pour nous. C&rsquo;est pourquoi nous d\u00e9crivons dans notre politique de confidentialit\u00e9 les informations que nous recueillons et l&rsquo;usage [&hellip;]\" \/>\n<meta property=\"og:url\" content=\"https:\/\/meynen.be\/fr\/politique-de-confidentialite\/\" \/>\n<meta property=\"og:site_name\" content=\"Metaalhandel Meynen\" \/>\n<meta property=\"article:modified_time\" content=\"2023-04-03T11:41:08+00:00\" \/>\n<meta name=\"twitter:card\" content=\"summary_large_image\" \/>\n<meta name=\"twitter:label1\" content=\"Dur\u00e9e de lecture estim\u00e9e\" \/>\n\t<meta name=\"twitter:data1\" content=\"2 minutes\" \/>\n<script type=\"application\/ld+json\" class=\"yoast-schema-graph\">{\"@context\":\"https:\\\/\\\/schema.org\",\"@graph\":[{\"@type\":\"WebPage\",\"@id\":\"https:\\\/\\\/meynen.be\\\/fr\\\/politique-de-confidentialite\\\/\",\"url\":\"https:\\\/\\\/meynen.be\\\/fr\\\/politique-de-confidentialite\\\/\",\"name\":\"Politique de confidentialit\u00e9 - Metaalhandel Meynen\",\"isPartOf\":{\"@id\":\"https:\\\/\\\/meynen.be\\\/fr\\\/#website\"},\"datePublished\":\"2023-01-17T07:09:56+00:00\",\"dateModified\":\"2023-04-03T11:41:08+00:00\",\"breadcrumb\":{\"@id\":\"https:\\\/\\\/meynen.be\\\/fr\\\/politique-de-confidentialite\\\/#breadcrumb\"},\"inLanguage\":\"fr-FR\",\"potentialAction\":[{\"@type\":\"ReadAction\",\"target\":[\"https:\\\/\\\/meynen.be\\\/fr\\\/politique-de-confidentialite\\\/\"]}]},{\"@type\":\"BreadcrumbList\",\"@id\":\"https:\\\/\\\/meynen.be\\\/fr\\\/politique-de-confidentialite\\\/#breadcrumb\",\"itemListElement\":[{\"@type\":\"ListItem\",\"position\":1,\"name\":\"Home\",\"item\":\"https:\\\/\\\/meynen.be\\\/fr\\\/accueil\\\/\"},{\"@type\":\"ListItem\",\"position\":2,\"name\":\"Politique de confidentialit\u00e9\"}]},{\"@type\":\"WebSite\",\"@id\":\"https:\\\/\\\/meynen.be\\\/fr\\\/#website\",\"url\":\"https:\\\/\\\/meynen.be\\\/fr\\\/\",\"name\":\"Metaalhandel Meynen\",\"description\":\"Specialist in bedrijfsgebouwen voor landbouw en industrie\",\"publisher\":{\"@id\":\"https:\\\/\\\/meynen.be\\\/fr\\\/#organization\"},\"potentialAction\":[{\"@type\":\"SearchAction\",\"target\":{\"@type\":\"EntryPoint\",\"urlTemplate\":\"https:\\\/\\\/meynen.be\\\/fr\\\/?s={search_term_string}\"},\"query-input\":{\"@type\":\"PropertyValueSpecification\",\"valueRequired\":true,\"valueName\":\"search_term_string\"}}],\"inLanguage\":\"fr-FR\"},{\"@type\":\"Organization\",\"@id\":\"https:\\\/\\\/meynen.be\\\/fr\\\/#organization\",\"name\":\"Metaalhandel Meynen\",\"url\":\"https:\\\/\\\/meynen.be\\\/fr\\\/\",\"logo\":{\"@type\":\"ImageObject\",\"inLanguage\":\"fr-FR\",\"@id\":\"https:\\\/\\\/meynen.be\\\/fr\\\/#\\\/schema\\\/logo\\\/image\\\/\",\"url\":\"https:\\\/\\\/meynen.be\\\/wp-content\\\/uploads\\\/2023\\\/01\\\/cropped-logo_darkbg.png\",\"contentUrl\":\"https:\\\/\\\/meynen.be\\\/wp-content\\\/uploads\\\/2023\\\/01\\\/cropped-logo_darkbg.png\",\"width\":122,\"height\":102,\"caption\":\"Metaalhandel Meynen\"},\"image\":{\"@id\":\"https:\\\/\\\/meynen.be\\\/fr\\\/#\\\/schema\\\/logo\\\/image\\\/\"}}]}<\/script>\n<!-- \/ Yoast SEO plugin. -->","yoast_head_json":{"title":"Politique de confidentialit\u00e9 - Metaalhandel Meynen","robots":{"index":"index","follow":"follow","max-snippet":"max-snippet:-1","max-image-preview":"max-image-preview:large","max-video-preview":"max-video-preview:-1"},"canonical":"https:\/\/meynen.be\/fr\/politique-de-confidentialite\/","og_locale":"fr_FR","og_type":"article","og_title":"Politique de confidentialit\u00e9 - Metaalhandel Meynen","og_description":"Politique de confidentialit\u00e9 Politique de confidentialit\u00e9 de Meynen B.V.B.A. Metaalconstructies, propri\u00e9taire de Meynen.be 1) Garanties en mati\u00e8re de protection de la vie priv\u00e9e La protection de la vie priv\u00e9e des visiteurs de Meynen.be est une t\u00e2che importante pour nous. C&rsquo;est pourquoi nous d\u00e9crivons dans notre politique de confidentialit\u00e9 les informations que nous recueillons et l&rsquo;usage [&hellip;]","og_url":"https:\/\/meynen.be\/fr\/politique-de-confidentialite\/","og_site_name":"Metaalhandel Meynen","article_modified_time":"2023-04-03T11:41:08+00:00","twitter_card":"summary_large_image","twitter_misc":{"Dur\u00e9e de lecture estim\u00e9e":"2 minutes"},"schema":{"@context":"https:\/\/schema.org","@graph":[{"@type":"WebPage","@id":"https:\/\/meynen.be\/fr\/politique-de-confidentialite\/","url":"https:\/\/meynen.be\/fr\/politique-de-confidentialite\/","name":"Politique de confidentialit\u00e9 - Metaalhandel Meynen","isPartOf":{"@id":"https:\/\/meynen.be\/fr\/#website"},"datePublished":"2023-01-17T07:09:56+00:00","dateModified":"2023-04-03T11:41:08+00:00","breadcrumb":{"@id":"https:\/\/meynen.be\/fr\/politique-de-confidentialite\/#breadcrumb"},"inLanguage":"fr-FR","potentialAction":[{"@type":"ReadAction","target":["https:\/\/meynen.be\/fr\/politique-de-confidentialite\/"]}]},{"@type":"BreadcrumbList","@id":"https:\/\/meynen.be\/fr\/politique-de-confidentialite\/#breadcrumb","itemListElement":[{"@type":"ListItem","position":1,"name":"Home","item":"https:\/\/meynen.be\/fr\/accueil\/"},{"@type":"ListItem","position":2,"name":"Politique de confidentialit\u00e9"}]},{"@type":"WebSite","@id":"https:\/\/meynen.be\/fr\/#website","url":"https:\/\/meynen.be\/fr\/","name":"Metaalhandel Meynen","description":"Specialist in bedrijfsgebouwen voor landbouw en industrie","publisher":{"@id":"https:\/\/meynen.be\/fr\/#organization"},"potentialAction":[{"@type":"SearchAction","target":{"@type":"EntryPoint","urlTemplate":"https:\/\/meynen.be\/fr\/?s={search_term_string}"},"query-input":{"@type":"PropertyValueSpecification","valueRequired":true,"valueName":"search_term_string"}}],"inLanguage":"fr-FR"},{"@type":"Organization","@id":"https:\/\/meynen.be\/fr\/#organization","name":"Metaalhandel Meynen","url":"https:\/\/meynen.be\/fr\/","logo":{"@type":"ImageObject","inLanguage":"fr-FR","@id":"https:\/\/meynen.be\/fr\/#\/schema\/logo\/image\/","url":"https:\/\/meynen.be\/wp-content\/uploads\/2023\/01\/cropped-logo_darkbg.png","contentUrl":"https:\/\/meynen.be\/wp-content\/uploads\/2023\/01\/cropped-logo_darkbg.png","width":122,"height":102,"caption":"Metaalhandel Meynen"},"image":{"@id":"https:\/\/meynen.be\/fr\/#\/schema\/logo\/image\/"}}]}},"_links":{"self":[{"href":"https:\/\/meynen.be\/fr\/wp-json\/wp\/v2\/pages\/2430","targetHints":{"allow":["GET"]}}],"collection":[{"href":"https:\/\/meynen.be\/fr\/wp-json\/wp\/v2\/pages"}],"about":[{"href":"https:\/\/meynen.be\/fr\/wp-json\/wp\/v2\/types\/page"}],"author":[{"embeddable":true,"href":"https:\/\/meynen.be\/fr\/wp-json\/wp\/v2\/users\/1"}],"replies":[{"embeddable":true,"href":"https:\/\/meynen.be\/fr\/wp-json\/wp\/v2\/comments?post=2430"}],"version-history":[{"count":1,"href":"https:\/\/meynen.be\/fr\/wp-json\/wp\/v2\/pages\/2430\/revisions"}],"predecessor-version":[{"id":2431,"href":"https:\/\/meynen.be\/fr\/wp-json\/wp\/v2\/pages\/2430\/revisions\/2431"}],"wp:attachment":[{"href":"https:\/\/meynen.be\/fr\/wp-json\/wp\/v2\/media?parent=2430"}],"curies":[{"name":"wp","href":"https:\/\/api.w.org\/{rel}","templated":true}]}}